{"id":107,"date":"2019-05-27T12:01:21","date_gmt":"2019-05-27T12:01:21","guid":{"rendered":"https:\/\/test.selding.lv\/?page_id=107"},"modified":"2021-12-20T11:52:38","modified_gmt":"2021-12-20T11:52:38","slug":"atsauksmes-pateicibas-raksti","status":"publish","type":"page","link":"https:\/\/test.selding.lv\/ru\/kontakti\/atsauksmes-pateicibas-raksti\/","title":{"rendered":"Atsauksmes, pateic\u012bbas raksti"},"content":{"rendered":"","protected":false},"excerpt":{"rendered":"","protected":false},"author":1,"featured_media":0,"parent":21,"menu_order":2,"comment_status":"closed","ping_status":"closed","template":"_template_contacts_child.php","meta":{"_acf_changed":false,"footnotes":""},"class_list":["post-107","page","type-page","status-publish","hentry"],"translation":{"provider":"WPGlobus","version":"3.0.0","language":"ru","enabled_languages":["lv","ru"],"languages":{"lv":{"title":true,"content":false,"excerpt":false},"ru":{"title":false,"content":false,"excerpt":false}}},"acf":[],"yoast_head":"<!-- This site is optimized with the Yoast SEO Premium plugin v25.0 (Yoast SEO v27.2) - https:\/\/yoast.com\/product\/yoast-seo-premium-wordpress\/ -->\n<title>Pateic\u012bbas raksti un atsauksmes - Test Selding.lv<\/title>\n<meta name=\"robots\" content=\"index, follow, max-snippet:-1, max-image-preview:large, max-video-preview:-1\" \/>\n<link rel=\"canonical\" href=\"https:\/\/test.selding.lv\/kontakti\/atsauksmes-pateicibas-raksti\/\" \/>\n<meta property=\"og:locale\" content=\"ru_RU\" \/>\n<meta property=\"og:type\" content=\"article\" \/>\n<meta property=\"og:title\" content=\"Atsauksmes, pateic\u012bbas raksti - Test Selding.lv\" \/>\n<meta property=\"og:url\" content=\"https:\/\/test.selding.lv\/kontakti\/atsauksmes-pateicibas-raksti\/\" \/>\n<meta property=\"og:site_name\" content=\"Test Selding.lv\" \/>\n<meta property=\"article:modified_time\" content=\"2021-12-20T11:52:38+00:00\" \/>\n<meta name=\"twitter:card\" content=\"summary_large_image\" \/>\n<!-- \/ Yoast SEO Premium plugin. -->","yoast_head_json":{"title":"Pateic\u012bbas raksti un atsauksmes - Test Selding.lv","robots":{"index":"index","follow":"follow","max-snippet":"max-snippet:-1","max-image-preview":"max-image-preview:large","max-video-preview":"max-video-preview:-1"},"canonical":"https:\/\/test.selding.lv\/kontakti\/atsauksmes-pateicibas-raksti\/","og_locale":"ru_RU","og_type":"article","og_title":"Atsauksmes, pateic\u012bbas raksti - Test Selding.lv","og_url":"https:\/\/test.selding.lv\/kontakti\/atsauksmes-pateicibas-raksti\/","og_site_name":"Test Selding.lv","article_modified_time":"2021-12-20T11:52:38+00:00","twitter_card":"summary_large_image","schema":{"@context":"https:\/\/schema.org","@graph":[{"@type":"WebPage","@id":"https:\/\/test.selding.lv\/kontakti\/atsauksmes-pateicibas-raksti\/","url":"https:\/\/test.selding.lv\/kontakti\/atsauksmes-pateicibas-raksti\/","name":"Pateic\u012bbas raksti un atsauksmes - Test Selding.lv","isPartOf":{"@id":"https:\/\/test.selding.lv\/#website"},"datePublished":"2019-05-27T12:01:21+00:00","dateModified":"2021-12-20T11:52:38+00:00","description":"SIA Selding klientu pateic\u012bbas raksti. Selding ir nov\u0113rt\u0113ju\u0161i un izv\u0113l\u0113ju\u0161ies jau vair\u0101k nek\u0101 4000 klientu Latvij\u0101 un Baltijas valst\u012bs.","breadcrumb":{"@id":"https:\/\/test.selding.lv\/kontakti\/atsauksmes-pateicibas-raksti\/#breadcrumb"},"inLanguage":"ru-RU","potentialAction":[{"@type":"ReadAction","target":["https:\/\/test.selding.lv\/kontakti\/atsauksmes-pateicibas-raksti\/"]}]},{"@type":"BreadcrumbList","@id":"https:\/\/test.selding.lv\/kontakti\/atsauksmes-pateicibas-raksti\/#breadcrumb","itemListElement":[{"@type":"ListItem","position":1,"name":"Home","item":"https:\/\/test.selding.lv\/"},{"@type":"ListItem","position":2,"name":"Kontakti","item":"https:\/\/test.selding.lv\/kontakti\/"},{"@type":"ListItem","position":3,"name":"Atsauksmes, pateic\u012bbas raksti"}]},{"@type":"WebSite","@id":"https:\/\/test.selding.lv\/#website","url":"https:\/\/test.selding.lv\/","name":"Test Selding.lv","description":"","potentialAction":[{"@type":"SearchAction","target":{"@type":"EntryPoint","urlTemplate":"https:\/\/test.selding.lv\/?s={search_term_string}"},"query-input":{"@type":"PropertyValueSpecification","valueRequired":true,"valueName":"search_term_string"}}],"inLanguage":"ru-RU"}]}},"_links":{"self":[{"href":"https:\/\/test.selding.lv\/ru\/wp-json\/wp\/v2\/pages\/107","targetHints":{"allow":["GET"]}}],"collection":[{"href":"https:\/\/test.selding.lv\/ru\/wp-json\/wp\/v2\/pages"}],"about":[{"href":"https:\/\/test.selding.lv\/ru\/wp-json\/wp\/v2\/types\/page"}],"author":[{"embeddable":true,"href":"https:\/\/test.selding.lv\/ru\/wp-json\/wp\/v2\/users\/1"}],"replies":[{"embeddable":true,"href":"https:\/\/test.selding.lv\/ru\/wp-json\/wp\/v2\/comments?post=107"}],"version-history":[{"count":2,"href":"https:\/\/test.selding.lv\/ru\/wp-json\/wp\/v2\/pages\/107\/revisions"}],"predecessor-version":[{"id":32200,"href":"https:\/\/test.selding.lv\/ru\/wp-json\/wp\/v2\/pages\/107\/revisions\/32200"}],"up":[{"embeddable":true,"href":"https:\/\/test.selding.lv\/ru\/wp-json\/wp\/v2\/pages\/21"}],"wp:attachment":[{"href":"https:\/\/test.selding.lv\/ru\/wp-json\/wp\/v2\/media?parent=107"}],"curies":[{"name":"wp","href":"https:\/\/api.w.org\/{rel}","templated":true}]}}