{"id":51269,"date":"2020-04-20T20:54:31","date_gmt":"2020-04-20T20:54:31","guid":{"rendered":"https:\/\/test.selding.lv\/?page_id=51269"},"modified":"2024-07-05T09:23:29","modified_gmt":"2024-07-05T09:23:29","slug":"sikdatnes-un-privatuma-politika","status":"publish","type":"page","link":"https:\/\/test.selding.lv\/ru\/faily-kuki-i-politika-konfidentsialnosti\/","title":{"rendered":"\u0424\u0430\u0438\u043b\u044b \u043a\u0443\u043a\u0438 \u0438 \u043f\u043e\u043b\u0438\u0442\u0438\u043a\u0430 \u043a\u043e\u043d\u0444\u0438\u0434\u0435\u043d\u0446\u0438\u0430\u043b\u044c\u043d\u043e\u0441\u0442\u0438"},"content":{"rendered":"<h2><strong>S\u012bkdat\u0146u izmanto\u0161ana<\/strong><\/h2>\n<p>Inform\u0113jam, ka \u0161aj\u0101 t\u012bmek\u013ca vietn\u0113 tiek izmantotas s\u012bkdatnes, lai var\u0113tu uzlabot vietnes lieto\u0161anas pieredzi un funkcionalit\u0101ti, nodro\u0161in\u0101t t\u0101s darb\u012bbu. Aicin\u0101m iepaz\u012bties ar pla\u0161\u0101ku inform\u0101ciju par m\u016bsu vietn\u0113 izmantotaj\u0101m s\u012bkdatn\u0113m zem\u0101k.<\/p>\n<p><strong>Kas ir s\u012bkdatnes?<\/strong><\/p>\n<p>S\u012bkdatnes ir s\u012bkas teksta datnes, kuras t\u012bmek\u013ca p\u0101rl\u016bkprogramma (piem\u0113ram, Internet Explorer, Firefox, Safari u.c.) saglab\u0101 Tav\u0101 galiek\u0101rt\u0101 (dator\u0101, mobilaj\u0101 t\u0101lrun\u012b, plan\u0161et\u0113), lai identific\u0113tu p\u0101rl\u016bkprogrammu vai p\u0101rl\u016bkprogramm\u0101 saglab\u0101tu inform\u0101ciju vai iestat\u012bjumus. T\u0101d\u0113j\u0101di ar s\u012bkdat\u0146u pal\u012bdz\u012bbu t\u012bmek\u013ca vietne ieg\u016bst sp\u0113ju saglab\u0101t lietot\u0101ja individu\u0101los iestat\u012bjumus, atpaz\u012bt vi\u0146u un atbilsto\u0161i rea\u0123\u0113t. Tu vari atsp\u0113jot vai ierobe\u017eot s\u012bkdat\u0146u izmanto\u0161anu, ta\u010du bez s\u012bkdatn\u0113m var neb\u016bt iesp\u0113jams pilnv\u0113rt\u012bgi izmantot visas vietnes funkcijas.<\/p>\n<p><strong>K\u0101das s\u012bkdatnes un k\u0101diem m\u0113r\u0137iem m\u0113s izmantojam?<\/strong><\/p>\n<p>Atkar\u012bb\u0101 no veicamaj\u0101m funkcij\u0101m un izmanto\u0161anas m\u0113r\u0137a ir da\u017e\u0101das s\u012bkdatnes, ko apkopojam un izmantojam \u0161aj\u0101 t\u012bmek\u013ca vietn\u0113.<\/p>\n<p>Noteikti nepiecie\u0161am\u0101s s\u012bkdatnes<br \/>\n\u0160\u012bs s\u012bkdatnes nepiecie\u0161amas, lai Tu var\u0113tu br\u012bvi apmekl\u0113t un p\u0101rl\u016bkot t\u012bmek\u013ca vietni un izmantot t\u0101s pied\u0101v\u0101t\u0101s iesp\u0113jas, taj\u0101 skait\u0101 ieg\u016bt inform\u0101ciju par pakalpojumiem un ieg\u0101d\u0101ties tos, un m\u0113s \u2013 izpild\u012bt Tavus inici\u0113tos piepras\u012bjumus. \u0160\u012bs s\u012bkdatnes identific\u0113 Tavu iek\u0101rtu, ta\u010du neizpau\u017e Tavu identit\u0101ti, k\u0101 ar\u012b t\u0101s nev\u0101c un neapkopo inform\u0101ciju. Bez \u0161\u012bm s\u012bkdatn\u0113m t\u012bmek\u013ca vietne nevar\u0113s pilnv\u0113rt\u012bgi darboties, piem\u0113ram, sniegt Tev nepiecie\u0161amo inform\u0101ciju, nodro\u0161in\u0101t piepras\u012btos pakalpojumus e-veikal\u0101 vai noskat\u012bties piepras\u012bto video.<br \/>\n\u0160\u012bs s\u012bkdatnes tiek glab\u0101tas Tav\u0101 iek\u0101rt\u0101 l\u012bdz br\u012bdim, kad tiek aizv\u0113rta t\u012bmek\u013ca p\u0101rl\u016bkprogramma. Saska\u0146\u0101 ar Inform\u0101cijas sabiedr\u012bbas pakalpojumu likumu noteikti nepiecie\u0161am\u0101s s\u012bkdatnes izvietojas autom\u0101tiski. Ja tom\u0113r, izmantojot p\u0101rl\u016bkprogrammu nodro\u0161in\u0101t\u0101s iesp\u0113jas, Tu izv\u0113l\u0113sies t\u0101s atsp\u0113jot, \u0146em v\u0113r\u0101 \u2013 t\u012bmek\u013ca vietne nevar\u0113s darboties pilnv\u0113rt\u012bgi.<\/p>\n<p><em>Funkcion\u0101l\u0101s s\u012bkdatnes<\/em><br \/>\nAr funkcion\u0101laj\u0101m s\u012bkdatn\u0113m vietne atceras Tavus izv\u0113l\u0113tos uzst\u0101d\u012bjumus un veikt\u0101s izv\u0113les, lai v\u0113l\u0101k Tu var\u0113tu \u0113rt\u0101k lietot vietni. \u0160\u012bs s\u012bkdatnes glab\u0101jas Tav\u0101 iek\u0101rt\u0101 past\u0101v\u012bgi.<\/p>\n<p><em>Anal\u012btisk\u0101s s\u012bkdatnes<\/em><br \/>\nAnal\u012btisk\u0101s s\u012bkdatnes apkopo inform\u0101ciju, k\u0101 Tu lieto t\u012bmek\u013ca vietni, konstat\u0113 bie\u017e\u0101k apmekl\u0113t\u0101s sada\u013cas, ieskaitot saturu, kuru Tu izv\u0113lies, p\u0101rl\u016bkojot vietni. Inform\u0101cija tiek lietota anal\u012bzes nol\u016bkos, lai noskaidrotu, kas interes\u0113 vietnes lietot\u0101jus, un var\u0113tu uzlabot vietnes funkcionalit\u0101ti, padar\u012bt to \u0113rt\u0101k lietojamu. Anal\u012btisk\u0101s s\u012bkdatnes identific\u0113 tikai Tavu iek\u0101rtu, ta\u010du neizpau\u017e Tavu identit\u0101ti.<\/p>\n<p>Atsevi\u0161\u0137os gad\u012bjumos da\u017eas no anal\u012btiskaj\u0101m s\u012bkdatn\u0113m m\u016bsu viet\u0101 saska\u0146\u0101 ar m\u016bsu nor\u0101d\u012bjumiem un tikai atbilsto\u0161i nor\u0101d\u012btajiem m\u0113r\u0137iem p\u0101rvalda tre\u0161\u0101s personas, piem\u0113ram, Google Analytics, Facebook.<\/p>\n<p><em>M\u0113r\u0137a (rekl\u0101mas) s\u012bkdatnes<\/em><br \/>\nM\u0113r\u0137a (rekl\u0101mas) s\u012bkdatnes izmantojam, lai apkopotu inform\u0101ciju par Tav\u0101m apmekl\u0113taj\u0101m t\u012bmek\u013ca vietn\u0113m un pied\u0101v\u0101tu tie\u0161i Tev interes\u0113jo\u0161us m\u016bsu vai sadarb\u012bbas partneru pakalpojumus vai adres\u0113tu Tavai izr\u0101d\u012btajai interesei atbilsto\u0161us pied\u0101v\u0101jumus. Parasti \u0161\u012bs s\u012bkdatnes ar m\u016bsu at\u013cauju atbilsto\u0161i nor\u0101d\u012btajiem m\u0113r\u0137iem izvieto tre\u0161\u0101s personas, piem\u0113ram, Google AdWords, Facebook. M\u0113r\u0137a s\u012bkdatnes Tav\u0101 galiek\u0101rt\u0101 tiek uzglab\u0101tas past\u0101v\u012bgi.<br \/>\nS\u012bkdat\u0146u apstiprin\u0101\u0161ana un atsp\u0113ko\u0161ana<\/p>\n<p>Apmekl\u0113jot m\u016bsu t\u012bmek\u013ca vietni, Tev tika att\u0113lots logs ar zi\u0146ojumu par to, ka tiek izmantotas s\u012bkdatnes. Nospie\u017eot \u201cPiekr\u012btu\u201d, Tu apstiprin\u0101si, ka esi iepazinies ar inform\u0101ciju par s\u012bkdatn\u0113m un to izmanto\u0161anas m\u0113r\u0137iem m\u016bsu lap\u0101.<\/p>\n<p>Ikvienas t\u012bmek\u013ca p\u0101rl\u016bkprogrammas dro\u0161\u012bbas iestat\u012bjumos iesp\u0113jama s\u012bkdat\u0146u ierobe\u017eo\u0161ana un dz\u0113\u0161ana. Tom\u0113r \u0146em v\u0113r\u0101 \u2013 ja izv\u0113l\u0113sies atsp\u0113jot noteikti nepiecie\u0161am\u0101s s\u012bkdatnes, t\u012bmek\u013ca vietne nevar\u0113s darboties pilnv\u0113rt\u012bgi.<\/p>\n<h2>Priv\u0101tuma politika<\/h2>\n<p>\u0160\u012bs priv\u0101tuma politikas m\u0113r\u0137is ir inform\u0113t, k\u0101du inform\u0101ciju un k\u0101diem nol\u016bkiem par Jums varam apkopot, ja izmantojat t\u012bmek\u013ca vietni www.selding.lv, un k\u0101 tiek veikta \u0161\u012bs inform\u0101cijas apstr\u0101de.<\/p>\n<p>T\u012bmek\u013ca vietnes www.selding.lv \u012bpa\u0161nieks un uztur\u0113t\u0101js ir SIA \u201eSELDING\u201d, Re\u0123. Nr.\u00a0 adrese: adrese<br \/>\nDati, kas iesniegti SIA \u201eSELDING\u201d interneta vietn\u0113 www.selding.lv, tiek izmantoti savstarp\u0113j\u0101s komunik\u0101cijas nol\u016bkos, lai nodro\u0161in\u0101tu piepras\u012bto pakalpojumu. SIA \u201eSELDING\u201d interneta vietne www.selding.lv apkopoto, apstr\u0101d\u0101 un glab\u0101 klienta iesniegtos datus saska\u0146\u0101 ar Eiropas Savien\u012bbas normat\u012bvo aktu pras\u012bb\u0101m attiec\u012bb\u0101 uz personas datu aizsardz\u012bbu.<\/p>\n<p>Iesniedzot savus datus, persona piekr\u012bt, ka dati tiek apstr\u0101d\u0101ti un uzglab\u0101ti visu l\u012bgumisko attiec\u012bbu izpildei nepiecie\u0161amo datu apstr\u0101des laiku, k\u0101 ar\u012b normat\u012bvajos aktos noteiktajos gad\u012bjumos p\u0113c s\u0101kotn\u0113j\u0101s datu apstr\u0101des tik ilgi, cik tas b\u016btu nepiecie\u0161ams.<\/p>\n<p>Iesniegtie dati netiek nodoti tre\u0161aj\u0101m person\u0101m, ja vien \u0161\u0101du pien\u0101kumu neuzliek normat\u012bvie akti. Jums ir ties\u012bbas jebkur\u0101 laik\u0101 pras\u012bt savu datu atjauno\u0161anu, inform\u0101ciju par J\u016bsu personas datu lieto\u0161anu, k\u0101 ar\u012b pras\u012bt savu datu dz\u0113\u0161anu.<\/p>\n<p>Sniedzot savu kontaktinform\u0101ciju, J\u016bs piekr\u012btat, ka t\u0101 tiek izmantota sekojo\u0161am m\u0113r\u0137im: sa\u0146emt SIA \u201eSELDING\u201d uz\u0146\u0113muma pakalpojumus, inform\u0101ciju par pakalpojumiem un veidot komunik\u0101ciju ar uz\u0146\u0113mumu.<\/p>\n<p>Personas dati tiks glab\u0101ti tr\u012bs gadus no datu sa\u0146em\u0161anas br\u012b\u017ea<br \/>\nDatu subjektam ir ties\u012bbas tikt aizmirstam, iesniedzot piepras\u012bjumu par personas datu dz\u0113\u0161anu, rakstot uz e-pastu info@selding.lv<\/p>\n<div id=\"cmplz-cookies-overview\"><\/div>\n","protected":false},"excerpt":{"rendered":"<p>S\u012bkdat\u0146u izmanto\u0161ana Inform\u0113jam, ka \u0161aj\u0101 t\u012bmek\u013ca vietn\u0113 tiek izmantotas s\u012bkdatnes, lai var\u0113tu uzlabot vietnes lieto\u0161anas pieredzi un funkcionalit\u0101ti, nodro\u0161in\u0101t t\u0101s darb\u012bbu. Aicin\u0101m iepaz\u012bties ar pla\u0161\u0101ku inform\u0101ciju par m\u016bsu vietn\u0113 izmantotaj\u0101m s\u012bkdatn\u0113m zem\u0101k. Kas ir s\u012bkdatnes? S\u012bkdatnes ir s\u012bkas teksta datnes, kuras t\u012bmek\u013ca p\u0101rl\u016bkprogramma (piem\u0113ram, Internet Explorer, Firefox, Safari u.c.) saglab\u0101 Tav\u0101 galiek\u0101rt\u0101 (dator\u0101, mobilaj\u0101 t\u0101lrun\u012b, [&hellip;]<\/p>\n","protected":false},"author":1,"featured_media":0,"parent":0,"menu_order":13,"comment_status":"closed","ping_status":"closed","template":"","meta":{"_acf_changed":false,"footnotes":""},"class_list":["post-51269","page","type-page","status-publish","hentry"],"translation":{"provider":"WPGlobus","version":"3.0.0","language":"ru","enabled_languages":["lv","ru"],"languages":{"lv":{"title":true,"content":true,"excerpt":false},"ru":{"title":true,"content":true,"excerpt":false}}},"acf":[],"yoast_head":"<!-- This site is optimized with the Yoast SEO Premium plugin v25.0 (Yoast SEO v27.2) - https:\/\/yoast.com\/product\/yoast-seo-premium-wordpress\/ -->\n<title>\u0424\u0430\u0438\u043b\u044b \u043a\u0443\u043a\u0438 \u0438 \u043f\u043e\u043b\u0438\u0442\u0438\u043a\u0430 \u043a\u043e\u043d\u0444\u0438\u0434\u0435\u043d\u0446\u0438\u0430\u043b\u044c\u043d\u043e\u0441\u0442\u0438 - Test Selding.lv<\/title>\n<meta name=\"robots\" content=\"noindex, nofollow\" \/>\n<meta property=\"og:locale\" content=\"ru_RU\" \/>\n<meta property=\"og:type\" content=\"article\" \/>\n<meta property=\"og:title\" content=\"\u0424\u0430\u0438\u043b\u044b \u043a\u0443\u043a\u0438 \u0438 \u043f\u043e\u043b\u0438\u0442\u0438\u043a\u0430 \u043a\u043e\u043d\u0444\u0438\u0434\u0435\u043d\u0446\u0438\u0430\u043b\u044c\u043d\u043e\u0441\u0442\u0438 - Test Selding.lv\" \/>\n<meta property=\"og:url\" content=\"https:\/\/test.selding.lv\/sikdatnes-un-privatuma-politika\/\" \/>\n<meta property=\"og:site_name\" content=\"Test Selding.lv\" \/>\n<meta property=\"article:modified_time\" content=\"2024-07-05T09:23:29+00:00\" \/>\n<meta name=\"twitter:card\" content=\"summary_large_image\" \/>\n<meta name=\"twitter:label1\" content=\"Est. reading time\" \/>\n\t<meta name=\"twitter:data1\" content=\"22 minutes\" \/>\n<!-- \/ Yoast SEO Premium plugin. -->","yoast_head_json":{"title":"\u0424\u0430\u0438\u043b\u044b \u043a\u0443\u043a\u0438 \u0438 \u043f\u043e\u043b\u0438\u0442\u0438\u043a\u0430 \u043a\u043e\u043d\u0444\u0438\u0434\u0435\u043d\u0446\u0438\u0430\u043b\u044c\u043d\u043e\u0441\u0442\u0438 - Test Selding.lv","robots":{"index":"noindex","follow":"nofollow"},"og_locale":"ru_RU","og_type":"article","og_title":"\u0424\u0430\u0438\u043b\u044b \u043a\u0443\u043a\u0438 \u0438 \u043f\u043e\u043b\u0438\u0442\u0438\u043a\u0430 \u043a\u043e\u043d\u0444\u0438\u0434\u0435\u043d\u0446\u0438\u0430\u043b\u044c\u043d\u043e\u0441\u0442\u0438 - Test Selding.lv","og_url":"https:\/\/test.selding.lv\/sikdatnes-un-privatuma-politika\/","og_site_name":"Test Selding.lv","article_modified_time":"2024-07-05T09:23:29+00:00","twitter_card":"summary_large_image","twitter_misc":{"Est. reading time":"22 minutes"},"schema":{"@context":"https:\/\/schema.org","@graph":[{"@type":"WebPage","@id":"https:\/\/test.selding.lv\/sikdatnes-un-privatuma-politika\/","url":"https:\/\/test.selding.lv\/sikdatnes-un-privatuma-politika\/","name":"\u0424\u0430\u0438\u043b\u044b \u043a\u0443\u043a\u0438 \u0438 \u043f\u043e\u043b\u0438\u0442\u0438\u043a\u0430 \u043a\u043e\u043d\u0444\u0438\u0434\u0435\u043d\u0446\u0438\u0430\u043b\u044c\u043d\u043e\u0441\u0442\u0438 - Test Selding.lv","isPartOf":{"@id":"https:\/\/test.selding.lv\/#website"},"datePublished":"2020-04-20T20:54:31+00:00","dateModified":"2024-07-05T09:23:29+00:00","breadcrumb":{"@id":"https:\/\/test.selding.lv\/sikdatnes-un-privatuma-politika\/#breadcrumb"},"inLanguage":"ru-RU","potentialAction":[{"@type":"ReadAction","target":["https:\/\/test.selding.lv\/sikdatnes-un-privatuma-politika\/"]}]},{"@type":"BreadcrumbList","@id":"https:\/\/test.selding.lv\/sikdatnes-un-privatuma-politika\/#breadcrumb","itemListElement":[{"@type":"ListItem","position":1,"name":"Home","item":"https:\/\/test.selding.lv\/"},{"@type":"ListItem","position":2,"name":"S\u012bkdatnes un priv\u0101tuma politika"}]},{"@type":"WebSite","@id":"https:\/\/test.selding.lv\/#website","url":"https:\/\/test.selding.lv\/","name":"Test Selding.lv","description":"","potentialAction":[{"@type":"SearchAction","target":{"@type":"EntryPoint","urlTemplate":"https:\/\/test.selding.lv\/?s={search_term_string}"},"query-input":{"@type":"PropertyValueSpecification","valueRequired":true,"valueName":"search_term_string"}}],"inLanguage":"ru-RU"}]}},"_links":{"self":[{"href":"https:\/\/test.selding.lv\/ru\/wp-json\/wp\/v2\/pages\/51269","targetHints":{"allow":["GET"]}}],"collection":[{"href":"https:\/\/test.selding.lv\/ru\/wp-json\/wp\/v2\/pages"}],"about":[{"href":"https:\/\/test.selding.lv\/ru\/wp-json\/wp\/v2\/types\/page"}],"author":[{"embeddable":true,"href":"https:\/\/test.selding.lv\/ru\/wp-json\/wp\/v2\/users\/1"}],"replies":[{"embeddable":true,"href":"https:\/\/test.selding.lv\/ru\/wp-json\/wp\/v2\/comments?post=51269"}],"version-history":[{"count":11,"href":"https:\/\/test.selding.lv\/ru\/wp-json\/wp\/v2\/pages\/51269\/revisions"}],"predecessor-version":[{"id":404308,"href":"https:\/\/test.selding.lv\/ru\/wp-json\/wp\/v2\/pages\/51269\/revisions\/404308"}],"wp:attachment":[{"href":"https:\/\/test.selding.lv\/ru\/wp-json\/wp\/v2\/media?parent=51269"}],"curies":[{"name":"wp","href":"https:\/\/api.w.org\/{rel}","templated":true}]}}