{"id":51280,"date":"2020-04-20T21:05:59","date_gmt":"2020-04-20T21:05:59","guid":{"rendered":"https:\/\/test.selding.lv\/?page_id=51280"},"modified":"2022-04-21T08:07:45","modified_gmt":"2022-04-21T08:07:45","slug":"lietosanas-noteikumi","status":"publish","type":"page","link":"https:\/\/test.selding.lv\/ru\/usloviya-zakaza-tovarov\/","title":{"rendered":"\u0423\u0441\u043b\u043e\u0432\u0438\u044f \u0437\u0430\u043a\u0430\u0437\u0430 \u0442\u043e\u0432\u0430\u0440\u043e\u0432"},"content":{"rendered":"<p>V\u0113lamies J\u016bs inform\u0113t, ka Pre\u010du pieg\u0101de vis\u0101 Latvijas teritorij\u0101 ir bezmaksas, ja pas\u016bt\u012bjuma kop\u0113j\u0101 summa sast\u0101da EUR 70.00 ieskaitot PVN. Ja pas\u016bt\u012bjuma summa ir maz\u0101ka par EUR 70.00 ieskaitot PVN, tad maksa par pieg\u0101di tiek noteikta EUR 10.00, ieskaitot PVN. Pirkuma pieg\u0101des maksa tiek pievienota priek\u0161apmaksas r\u0113\u0137inam vai pavadz\u012bmei. Pre\u010du pieg\u0101de notiek saska\u0146\u0101 ar pre\u010du pieg\u0101des grafiku.<br \/>\nPas\u016bt\u012bjumi, ir j\u0101veic ne v\u0113l\u0101k k\u0101 2 (divas) darba dienas pirms pl\u0101not\u0101 pieg\u0101des laika, saska\u0146\u0101 ar pre\u010du pieg\u0101des grafiku.<br \/>\n<strong>1. Pre\u010du ieg\u0101des nosac\u012bjumi juridisk\u0101m person\u0101m:<\/strong><br \/>\n<strong><em>1.1. Ja esat SIA SELDING klients:<\/em><\/strong><br \/>\n1.1.1. Autoriz\u0113jaties m\u0101jaslap\u0101 un veiciet pas\u016bt\u012bjumu<br \/>\n1.1.2. Ja v\u0113l neesat nosl\u0113dzis l\u012bgumu ar SIA SELDING, tad p\u0113c pre\u010du pas\u016bt\u012bjuma nos\u016bt\u012b\u0161anas mums, j\u016bs sa\u0146emsiet elektroniski pas\u016bt\u012bjuma kopiju.<br \/>\n1.1.3. Samaksu par pas\u016bt\u012bjumu NEVEIKT, l\u012bdz br\u012bdim, kad uz J\u016bsu nor\u0101d\u012bto e-pastu tiks nos\u016bt\u012bts AVANSAs r\u0113\u0137ins.<br \/>\n1.1.4. Saska\u0146\u0101 ar j\u016bsu pas\u016bt\u012bjumu SIA SELDING nos\u016bt\u012bs avansa r\u0113\u0137inu par pas\u016bt\u012bto preci.<br \/>\n1.1.5. L\u016bdzu p\u0101rbaudiet sa\u0146emto avansa r\u0113\u0137inu un veiciet taj\u0101 nor\u0101d\u012bt\u0101s summas apmaksu.<br \/>\n1.1.6. Ja esat nosl\u0113dzis l\u012bgumu ar SIA SELDING, tad mums, j\u016bs sa\u0146emsiet elektroniski pas\u016bt\u012bjuma kopiju.<br \/>\n1.1.7. Preci SIA SELDING pieg\u0101d\u0101s jums saska\u0146\u0101 ar pre\u010du pieg\u0101des grafiku.<\/p>\n<p><em><strong>1.2. Ja v\u0113l nesat SIA SELDING klients&#8221;<\/strong><\/em><br \/>\n1.2.1. Noklik\u0161\u0137iniet uz \u201cre\u0123istr\u0113ties\u201d, aizpildiet nepiecie\u0161amos laukus un veiciet pas\u016bt\u012bjumu.<br \/>\n1.2.2. P\u0113c pas\u016bt\u012bjuma veik\u0161anas j\u016bs sa\u0146emsiet uz re\u0123istr\u0101cijas br\u012bd\u012b nor\u0101d\u012bto e-pastu &#8211; elektroniski pas\u016bt\u012bjuma kopiju.<br \/>\n1.2.3. Samaksu par pas\u016bt\u012bjumu NEVEIKT, l\u012bdz br\u012bdim, kad uz J\u016bsu nor\u0101d\u012bto e-pastu tiks nos\u016bt\u012bts AVANSA r\u0113\u0137ins.<br \/>\n1.2.4. Saska\u0146\u0101 ar j\u016bsu pas\u016bt\u012bjumu SIA SELDING nos\u016bt\u012bs avansa r\u0113\u0137inu par pas\u016bt\u012bto preci. Par cik J\u016bs esat jauns SIA SELDING klients, tad avansa r\u0113\u0137ins tiks nos\u016bt\u012bts tikai darba dien\u0101s, darba laik\u0101<br \/>\n1.2.5. L\u016bdzu p\u0101rbaudiet sa\u0146emto avansa r\u0113\u0137inu un veiciet taj\u0101 nor\u0101d\u012bt\u0101s summas apmaksu.<br \/>\n1.2.6. Preci SIA SELDING pieg\u0101d\u0101s jums saska\u0146\u0101 ar pre\u010du pieg\u0101des grafiku.<br \/>\n1.2.7. SIA SELDING p\u0101rst\u0101vis p\u0113c iesp\u0113jas \u0101tr\u0101k sazin\u0101sies ar Jums un kop\u012bgi vienosieties par sadarb\u012bbas l\u012bguma nosl\u0113g\u0161anu.<\/p>\n<p><strong>2. Pre\u010du ieg\u0101des nosac\u012bjumi fizisk\u0101m person\u0101m:<\/strong><br \/>\n<strong><em>2.1. Internet\u0101 ieg\u0101d\u0101to pre\u010du ieg\u0101des un atgrie\u0161anas noteikumi, k\u0101 ar\u012b atteikuma ties\u012bbas. \u0160\u0101du atrunu sauc par distances l\u012bgumu. <\/em><\/strong><br \/>\n<strong><em>2.2. Distances l\u012bgums.<\/em><\/strong><br \/>\n2.2.1. M\u0101jaslapa www.selding.lv pied\u0101v\u0101to pre\u010du p\u0101rdev\u0113js, turpm\u0101k \u2013 P\u0101rdev\u0113js, no vienas puses un persona, kura veic pas\u016bt\u012bjumu, turpm\u0101k \u2013 Pirc\u0113js, no otras puses, nosl\u0113dz Distances l\u012bgumu.<br \/>\n2.2.2. P\u0101rdev\u0113js atbilsto\u0161i Pirc\u0113ja pas\u016bt\u012bjumam ap\u0146emas p\u0101rdot un pieg\u0101d\u0101t Pirc\u0113jam preces, savuk\u0101rt Pirc\u0113js ap\u0146emas pie\u0146emt pas\u016bt\u012bto Preci un veikt nor\u0113\u0137inus saska\u0146\u0101 ar Distances l\u012bguma noteikumiem.<br \/>\n2.2.3. Pieg\u0101des un samaksas k\u0101rt\u012bba.<br \/>\n2.2.3.1. Pirc\u0113js veic pre\u010du pas\u016bt\u012b\u0161anu interneta veikala www.selding.lv m\u0101jas lap\u0101, prec\u012bzi nor\u0101dot pas\u016bt\u0101mo pre\u010du veidu un daudzumu, k\u0101 ar\u012b savu e-pasta adresi un telefonu.<br \/>\n2.2.3.2. P\u0101rdev\u0113js sagatavo un Pirc\u0113jam pa nor\u0101d\u012bto e-pastu nos\u016bta Pirc\u0113ja veiktajam pas\u016bt\u012bjumam atbilsto\u0161u avansa r\u0113\u0137inu.<br \/>\n2.2.3.3. Avansa r\u0113\u0137ins tiek sagatavots elektroniski un ir der\u012bgs bez paraksta. Pirc\u0113js veic pas\u016bt\u012bjuma apmaksu.<br \/>\n2.2.4. Garantija.<br \/>\n2.2.4.1. www.selding.lv pied\u0101v\u0101taj\u0101m prec\u0113m garantija tiek noteikta saska\u0146\u0101 ar preces izgatavot\u0101ja noteiktajiem garantijas apkalpo\u0161anas nosac\u012bjumiem, iev\u0113rojot Pat\u0113r\u0113t\u0101ju ties\u012bbu aizsardz\u012bbas likuma 27.pantu.<br \/>\n2.2.5. Atteikuma ties\u012bbas.<br \/>\n2.2.5.1. Ja p\u0101rdom\u0101j\u0101t un nol\u0113m\u0101t atteikties no pirkuma, Latvijas Republikas Pat\u0113r\u0113t\u0101ju ties\u012bbu aizsardz\u012bbas likums un reglament\u0113jo\u0161ie Ministru Kabineta Noteikumi Nr.255 \u201cNoteikumi par distances l\u012bgumu\u201d (MK Noteikumi Nr. 255) nosaka, ka Pirc\u0113jam ir ties\u012bbas atk\u0101pties no l\u012bguma 14 (\u010detrpadsmit) kalend\u0101ro dienu laik\u0101 un atdot interneta veikal\u0101 www.selding.lv ieg\u0101d\u0101to preci atpaka\u013c p\u0101rdev\u0113jam. Latvijas Republikas Pat\u0113r\u0113t\u0101ju ties\u012bbu aizsardz\u012bbas likuma 12. panta 6. da\u013ca nosaka, ka atsakoties no pirkuma Pirc\u0113js ir atbild\u012bgs par preces kvalit\u0101tes un dro\u0161uma saglab\u0101\u0161anu atteikuma ties\u012bbu realiz\u0113\u0161anas termi\u0146\u0101. Iesak\u0101m saglab\u0101t preces ori\u0123in\u0101lo iepakojumu, lai realiz\u0113jot atteikuma ties\u012bbas, prece netiktu \u0101r\u0113ji meh\u0101niski boj\u0101ta. P\u0101rdev\u0113js saglab\u0101 ties\u012bbas atteikties pie\u0146emt preci, kura ir boj\u0101ta, nav piln\u0101 komplekt\u0101cij\u0101. Lai vienotos par preces atdo\u0161anu atpaka\u013c, l\u016bdzam sazin\u0101ties ar mums pa e-pastu: selding@selding.lv, nos\u016btot iesniegumu par atteikuma iemeslu, nor\u0101dot pas\u016bt\u012bjuma numuru un datumu, konta numuru un summu.<br \/>\n2.2.5.2. Pirc\u0113jam ir ties\u012bbas atteikuma ties\u012bbu izmanto\u0161anas laik\u0101 izm\u0113\u0123in\u0101t attiec\u012bgo preci, lai p\u0101rliecin\u0101tos, vai t\u0101 atbilst Pirc\u0113ja vajadz\u012bb\u0101m un v\u0113lm\u0113m. Atcerieties! Atteikuma ties\u012bbu izmanto\u0161anas termi\u0146\u0101 Pirc\u0113jam ir ties\u012bbas preci lietot tikt\u0101l cikt\u0101l tas nepiecie\u0161ams preces vizu\u0101lai p\u0101rbaudei (tikpat liel\u0101 m\u0113r\u0101, cik to var\u0113tu izdar\u012bt pirms preces ieg\u0101des parastaj\u0101 veikal\u0101).<br \/>\n2.2.5.3. Izmantojot atteikuma ties\u012bbas, Pirc\u0113js ir atbild\u012bgs par preces lieto\u0161anu, kas p\u0101rsniedz preces p\u0101rbaudes nol\u016bkam paredz\u0113to, par t\u0101du preces lieto\u0161anu atteikuma ties\u012bbu izmanto\u0161anas termi\u0146\u0101, kas nav savienojama ar labas tic\u012bbas principu, k\u0101 ar\u012b par preces v\u0113rt\u012bbas, kvalit\u0101tes samazin\u0101\u0161anos. P\u0101rd\u0113v\u0113j\u0101m atpaka\u013c ats\u016bt\u012btajai precei j\u0101b\u016bt t\u0101d\u0101 pa\u0161\u0101 kvalit\u0101t\u0113, k\u0101da ir bijusi t\u0101s sa\u0146em\u0161anas br\u012bd\u012b. Precei nedr\u012bkst b\u016bt lietota, j\u0101b\u016bt saglab\u0101tiem visiem ra\u017eo\u0161anas mar\u0137\u0113jumiem un iesai\u0146ojumam.<br \/>\n2.2.5.4. Pirc\u0113ja pien\u0101kums ir 14 (\u010detrpadsmit) kalend\u0101ro dienu laik\u0101 no atteikuma veidlapas nos\u016bt\u012b\u0161anas atgriezt preci p\u0101rdev\u0113jam.<br \/>\n2.2.5.5. Ja Pirc\u0113js izmanto atteikuma ties\u012bbas un tas nav saist\u012bts ar attiec\u012bg\u0101s preces vai pakalpojuma neatbilst\u012bbu l\u012bguma noteikumiem, tad Pirc\u0113ja pien\u0101kums ir segt izmaksas, kas saist\u012btas ar preces nos\u016bt\u012b\u0161anu atpaka\u013c.<br \/>\n2.2.5.6. Ja Pirc\u0113js izmanto atteikuma ties\u012bbas, P\u0101rdev\u0113jam ir pien\u0101kums iesp\u0113jami agr\u0101k, bet ne v\u0113l\u0101k k\u0101 14 (\u010detrpadsmit) kalend\u0101ro dienu laik\u0101 no dienas, kad Pirc\u0113js nos\u016bt\u012bjis rakstisku atteikumu, atmaks\u0101t Pirc\u0113jam visas veikt\u0101s iemaksas (iz\u0146emot Pieg\u0101des izmaksas). P\u0101rdev\u0113js atmaks\u0101 naudu tikai uz atteikuma veidlap\u0101 nor\u0101d\u012bto bankas kontu, un ja preces ir atgrieztas noteiktaj\u0101 termi\u0146\u0101.<br \/>\n2.2.5.7. Pirc\u0113js nevar izmantot atteikuma ties\u012bbas, sl\u0113dzot distances l\u012bgumu:<br \/>\n1) ja prece ir nep\u0101rprotami boj\u0101ta;<br \/>\n2) ja prece tiek pas\u016bt\u012bta vai izgatavota p\u0113c Pirc\u0113ja nor\u0101d\u012bjumiem vai prece ir nep\u0101rprotami personaliz\u0113ta (piem\u0113ram, preces ir izgatavotas p\u0113c Pirc\u0113ja individu\u0101liem parametriem).<\/p>\n<p><strong>2.3. Lai veiktu pirkumu m\u0101jaslap\u0101 www.selding.lv, noklik\u0161\u0137iniet uz \u201cre\u0123istr\u0113ties\u201d, aizpildiet nepiecie\u0161amos laukus un veiciet pas\u016bt\u012bjumu.<\/strong><br \/>\n2.3.1. P\u0113c pas\u016bt\u012bjuma veik\u0161anas j\u016bs sa\u0146emsiet uz re\u0123istr\u0101cijas br\u012bd\u012b nor\u0101d\u012bto e-pastu &#8211; elektroniski pas\u016bt\u012bjuma kopiju.<br \/>\n2.3.2. Samaksu par pas\u016bt\u012bjumu NEVEIKT, l\u012bdz br\u012bdim, kad uz J\u016bsu nor\u0101d\u012bto e-pastu tiks nos\u016bt\u012bts AVANSA r\u0113\u0137ins.<br \/>\n2.3.3. Saska\u0146\u0101 ar j\u016bsu pas\u016bt\u012bjumu SIA SELDING nos\u016bt\u012bs avansa r\u0113\u0137inu par pas\u016bt\u012bto preci. Avansa r\u0113\u0137ins tiks nos\u016bt\u012bts tikai darba dien\u0101s, darba laik\u0101.<br \/>\n2.3.4. L\u016bdzu p\u0101rbaudiet sa\u0146emto avansa r\u0113\u0137inu un veiciet taj\u0101 nor\u0101d\u012bt\u0101s summas apmaksu.<br \/>\n2.3.5. Preci SIA SELDING pieg\u0101d\u0101s jums saska\u0146\u0101 ar pre\u010du pieg\u0101des grafiku.<\/p>\n<p><span style=\"color: #0000ff;\">Ja b\u016bsiet veicis apmaksu par prec\u0113m pamatojoties tikai uz pas\u016bt\u012bjuma apstiprin\u0101jumu, nesa\u0146emot AVANSA R\u0112\u0136INU, veikto apmaksu SIA SELDING atgriez\u012bs J\u016bsu kont\u0101 30-60 dienu laik\u0101!!!<\/span><\/p>\n<p>Jebkuru jaut\u0101jumu, vai neskaidr\u012bbu gad\u012bjum\u0101 rakstiet uz e-pastu: selding@selding.lv; vai zvaniet pa t\u0101lr. +37165067496, +37129400040.<\/p>\n","protected":false},"excerpt":{"rendered":"<p>V\u0113lamies J\u016bs inform\u0113t, ka Pre\u010du pieg\u0101de vis\u0101 Latvijas teritorij\u0101 ir bezmaksas, ja pas\u016bt\u012bjuma kop\u0113j\u0101 summa sast\u0101da EUR 70.00 ieskaitot PVN. Ja pas\u016bt\u012bjuma summa ir maz\u0101ka par EUR 70.00 ieskaitot PVN, tad maksa par pieg\u0101di tiek noteikta EUR 10.00, ieskaitot PVN. Pirkuma pieg\u0101des maksa tiek pievienota priek\u0161apmaksas r\u0113\u0137inam vai pavadz\u012bmei. Pre\u010du pieg\u0101de notiek saska\u0146\u0101 ar pre\u010du [&hellip;]<\/p>\n","protected":false},"author":1,"featured_media":0,"parent":0,"menu_order":10,"comment_status":"closed","ping_status":"closed","template":"","meta":{"_acf_changed":false,"footnotes":""},"class_list":["post-51280","page","type-page","status-publish","hentry"],"translation":{"provider":"WPGlobus","version":"3.0.0","language":"ru","enabled_languages":["lv","ru"],"languages":{"lv":{"title":true,"content":true,"excerpt":false},"ru":{"title":true,"content":true,"excerpt":false}}},"acf":[],"yoast_head":"<!-- This site is optimized with the Yoast SEO Premium plugin v25.0 (Yoast SEO v27.2) - https:\/\/yoast.com\/product\/yoast-seo-premium-wordpress\/ -->\n<title>\u0423\u0441\u043b\u043e\u0432\u0438\u044f \u0437\u0430\u043a\u0430\u0437\u0430 \u0442\u043e\u0432\u0430\u0440\u043e\u0432 - Test Selding.lv<\/title>\n<meta name=\"robots\" content=\"noindex, nofollow\" \/>\n<meta property=\"og:locale\" content=\"ru_RU\" \/>\n<meta property=\"og:type\" content=\"article\" \/>\n<meta property=\"og:title\" content=\"\u0423\u0441\u043b\u043e\u0432\u0438\u044f \u0437\u0430\u043a\u0430\u0437\u0430 \u0442\u043e\u0432\u0430\u0440\u043e\u0432 - Test Selding.lv\" \/>\n<meta property=\"og:url\" content=\"https:\/\/test.selding.lv\/lietosanas-noteikumi\/\" \/>\n<meta property=\"og:site_name\" content=\"Test Selding.lv\" \/>\n<meta property=\"article:modified_time\" content=\"2022-04-21T08:07:45+00:00\" \/>\n<meta name=\"twitter:card\" content=\"summary_large_image\" \/>\n<meta name=\"twitter:label1\" content=\"Est. reading time\" \/>\n\t<meta name=\"twitter:data1\" content=\"6 minutes\" \/>\n<!-- \/ Yoast SEO Premium plugin. -->","yoast_head_json":{"title":"\u0423\u0441\u043b\u043e\u0432\u0438\u044f \u0437\u0430\u043a\u0430\u0437\u0430 \u0442\u043e\u0432\u0430\u0440\u043e\u0432 - Test Selding.lv","robots":{"index":"noindex","follow":"nofollow"},"og_locale":"ru_RU","og_type":"article","og_title":"\u0423\u0441\u043b\u043e\u0432\u0438\u044f \u0437\u0430\u043a\u0430\u0437\u0430 \u0442\u043e\u0432\u0430\u0440\u043e\u0432 - Test Selding.lv","og_url":"https:\/\/test.selding.lv\/lietosanas-noteikumi\/","og_site_name":"Test Selding.lv","article_modified_time":"2022-04-21T08:07:45+00:00","twitter_card":"summary_large_image","twitter_misc":{"Est. reading time":"6 minutes"},"schema":{"@context":"https:\/\/schema.org","@graph":[{"@type":"WebPage","@id":"https:\/\/test.selding.lv\/lietosanas-noteikumi\/","url":"https:\/\/test.selding.lv\/lietosanas-noteikumi\/","name":"\u0423\u0441\u043b\u043e\u0432\u0438\u044f \u0437\u0430\u043a\u0430\u0437\u0430 \u0442\u043e\u0432\u0430\u0440\u043e\u0432 - Test Selding.lv","isPartOf":{"@id":"https:\/\/test.selding.lv\/#website"},"datePublished":"2020-04-20T21:05:59+00:00","dateModified":"2022-04-21T08:07:45+00:00","breadcrumb":{"@id":"https:\/\/test.selding.lv\/lietosanas-noteikumi\/#breadcrumb"},"inLanguage":"ru-RU","potentialAction":[{"@type":"ReadAction","target":["https:\/\/test.selding.lv\/lietosanas-noteikumi\/"]}]},{"@type":"BreadcrumbList","@id":"https:\/\/test.selding.lv\/lietosanas-noteikumi\/#breadcrumb","itemListElement":[{"@type":"ListItem","position":1,"name":"Home","item":"https:\/\/test.selding.lv\/"},{"@type":"ListItem","position":2,"name":"Lieto\u0161anas noteikumi"}]},{"@type":"WebSite","@id":"https:\/\/test.selding.lv\/#website","url":"https:\/\/test.selding.lv\/","name":"Test Selding.lv","description":"","potentialAction":[{"@type":"SearchAction","target":{"@type":"EntryPoint","urlTemplate":"https:\/\/test.selding.lv\/?s={search_term_string}"},"query-input":{"@type":"PropertyValueSpecification","valueRequired":true,"valueName":"search_term_string"}}],"inLanguage":"ru-RU"}]}},"_links":{"self":[{"href":"https:\/\/test.selding.lv\/ru\/wp-json\/wp\/v2\/pages\/51280","targetHints":{"allow":["GET"]}}],"collection":[{"href":"https:\/\/test.selding.lv\/ru\/wp-json\/wp\/v2\/pages"}],"about":[{"href":"https:\/\/test.selding.lv\/ru\/wp-json\/wp\/v2\/types\/page"}],"author":[{"embeddable":true,"href":"https:\/\/test.selding.lv\/ru\/wp-json\/wp\/v2\/users\/1"}],"replies":[{"embeddable":true,"href":"https:\/\/test.selding.lv\/ru\/wp-json\/wp\/v2\/comments?post=51280"}],"version-history":[{"count":8,"href":"https:\/\/test.selding.lv\/ru\/wp-json\/wp\/v2\/pages\/51280\/revisions"}],"predecessor-version":[{"id":396368,"href":"https:\/\/test.selding.lv\/ru\/wp-json\/wp\/v2\/pages\/51280\/revisions\/396368"}],"wp:attachment":[{"href":"https:\/\/test.selding.lv\/ru\/wp-json\/wp\/v2\/media?parent=51280"}],"curies":[{"name":"wp","href":"https:\/\/api.w.org\/{rel}","templated":true}]}}