{"id":87,"date":"2019-05-27T11:59:29","date_gmt":"2019-05-27T11:59:29","guid":{"rendered":"https:\/\/test.selding.lv\/?page_id=87"},"modified":"2025-02-04T10:35:31","modified_gmt":"2025-02-04T10:35:31","slug":"par-selding","status":"publish","type":"page","link":"https:\/\/test.selding.lv\/ru\/kontakti\/par-selding\/","title":{"rendered":"O SELDING"},"content":{"rendered":"","protected":false},"excerpt":{"rendered":"","protected":false},"author":1,"featured_media":0,"parent":21,"menu_order":4,"comment_status":"closed","ping_status":"closed","template":"_template_contacts_child.php","meta":{"_acf_changed":false,"footnotes":""},"class_list":["post-87","page","type-page","status-publish","hentry"],"translation":{"provider":"WPGlobus","version":"3.0.0","language":"ru","enabled_languages":["lv","ru"],"languages":{"lv":{"title":true,"content":false,"excerpt":false},"ru":{"title":true,"content":false,"excerpt":false}}},"acf":[],"yoast_head":"<!-- This site is optimized with the Yoast SEO Premium plugin v25.0 (Yoast SEO v27.2) - https:\/\/yoast.com\/product\/yoast-seo-premium-wordpress\/ -->\n<title>SELDING - Higi\u0113nas preces - Uzkop\u0161anas invent\u0101rs - T\u012bramie l\u012bdzek\u013ci<\/title>\n<meta name=\"robots\" content=\"index, follow, max-snippet:-1, max-image-preview:large, max-video-preview:-1\" \/>\n<link rel=\"canonical\" href=\"https:\/\/test.selding.lv\/kontakti\/par-selding\/\" \/>\n<meta property=\"og:locale\" content=\"ru_RU\" \/>\n<meta property=\"og:type\" content=\"article\" \/>\n<meta property=\"og:title\" content=\"O SELDING - Test Selding.lv\" \/>\n<meta property=\"og:url\" content=\"https:\/\/test.selding.lv\/kontakti\/par-selding\/\" \/>\n<meta property=\"og:site_name\" content=\"Test Selding.lv\" \/>\n<meta property=\"article:modified_time\" content=\"2025-02-04T10:35:31+00:00\" \/>\n<meta name=\"twitter:card\" content=\"summary_large_image\" \/>\n<!-- \/ Yoast SEO Premium plugin. -->","yoast_head_json":{"title":"SELDING - Higi\u0113nas preces - Uzkop\u0161anas invent\u0101rs - T\u012bramie l\u012bdzek\u013ci","robots":{"index":"index","follow":"follow","max-snippet":"max-snippet:-1","max-image-preview":"max-image-preview:large","max-video-preview":"max-video-preview:-1"},"canonical":"https:\/\/test.selding.lv\/kontakti\/par-selding\/","og_locale":"ru_RU","og_type":"article","og_title":"O SELDING - Test Selding.lv","og_url":"https:\/\/test.selding.lv\/kontakti\/par-selding\/","og_site_name":"Test Selding.lv","article_modified_time":"2025-02-04T10:35:31+00:00","twitter_card":"summary_large_image","schema":{"@context":"https:\/\/schema.org","@graph":[{"@type":"WebPage","@id":"https:\/\/test.selding.lv\/kontakti\/par-selding\/","url":"https:\/\/test.selding.lv\/kontakti\/par-selding\/","name":"SELDING - Higi\u0113nas preces - Uzkop\u0161anas invent\u0101rs - T\u012bramie l\u012bdzek\u013ci","isPartOf":{"@id":"https:\/\/test.selding.lv\/#website"},"datePublished":"2019-05-27T11:59:29+00:00","dateModified":"2025-02-04T10:35:31+00:00","description":"Selding ir viens no liel\u0101kajiem profesion\u0101lo higi\u0113nas t\u012br\u012b\u0161anas l\u012bdzek\u013cu un apr\u012bkojuma pieg\u0101d\u0101t\u0101jiem Latvij\u0101. \u260e\ufe0f+371 29400040","breadcrumb":{"@id":"https:\/\/test.selding.lv\/kontakti\/par-selding\/#breadcrumb"},"inLanguage":"ru-RU","potentialAction":[{"@type":"ReadAction","target":["https:\/\/test.selding.lv\/kontakti\/par-selding\/"]}]},{"@type":"BreadcrumbList","@id":"https:\/\/test.selding.lv\/kontakti\/par-selding\/#breadcrumb","itemListElement":[{"@type":"ListItem","position":1,"name":"Home","item":"https:\/\/test.selding.lv\/"},{"@type":"ListItem","position":2,"name":"Kontakti","item":"https:\/\/test.selding.lv\/kontakti\/"},{"@type":"ListItem","position":3,"name":"Par SELDING"}]},{"@type":"WebSite","@id":"https:\/\/test.selding.lv\/#website","url":"https:\/\/test.selding.lv\/","name":"Test Selding.lv","description":"","potentialAction":[{"@type":"SearchAction","target":{"@type":"EntryPoint","urlTemplate":"https:\/\/test.selding.lv\/?s={search_term_string}"},"query-input":{"@type":"PropertyValueSpecification","valueRequired":true,"valueName":"search_term_string"}}],"inLanguage":"ru-RU"}]}},"_links":{"self":[{"href":"https:\/\/test.selding.lv\/ru\/wp-json\/wp\/v2\/pages\/87","targetHints":{"allow":["GET"]}}],"collection":[{"href":"https:\/\/test.selding.lv\/ru\/wp-json\/wp\/v2\/pages"}],"about":[{"href":"https:\/\/test.selding.lv\/ru\/wp-json\/wp\/v2\/types\/page"}],"author":[{"embeddable":true,"href":"https:\/\/test.selding.lv\/ru\/wp-json\/wp\/v2\/users\/1"}],"replies":[{"embeddable":true,"href":"https:\/\/test.selding.lv\/ru\/wp-json\/wp\/v2\/comments?post=87"}],"version-history":[{"count":24,"href":"https:\/\/test.selding.lv\/ru\/wp-json\/wp\/v2\/pages\/87\/revisions"}],"predecessor-version":[{"id":408378,"href":"https:\/\/test.selding.lv\/ru\/wp-json\/wp\/v2\/pages\/87\/revisions\/408378"}],"up":[{"embeddable":true,"href":"https:\/\/test.selding.lv\/ru\/wp-json\/wp\/v2\/pages\/21"}],"wp:attachment":[{"href":"https:\/\/test.selding.lv\/ru\/wp-json\/wp\/v2\/media?parent=87"}],"curies":[{"name":"wp","href":"https:\/\/api.w.org\/{rel}","templated":true}]}}