{"id":89,"date":"2019-05-27T11:59:47","date_gmt":"2019-05-27T11:59:47","guid":{"rendered":"https:\/\/test.selding.lv\/?page_id=89"},"modified":"2024-01-03T10:17:02","modified_gmt":"2024-01-03T10:17:02","slug":"piegades-informacija","status":"publish","type":"page","link":"https:\/\/test.selding.lv\/ru\/kontakti\/piegades-informacija\/","title":{"rendered":"\u0418\u043d\u0444\u043e\u0440\u043c\u0430\u0446\u0438\u044f \u043e \u0434\u043e\u0441\u0442\u0430\u0432\u043a\u0435 \u0437\u0430\u043a\u0430\u0437\u0430"},"content":{"rendered":"","protected":false},"excerpt":{"rendered":"","protected":false},"author":1,"featured_media":0,"parent":21,"menu_order":7,"comment_status":"closed","ping_status":"closed","template":"_template_contacts_child.php","meta":{"_acf_changed":false,"footnotes":""},"class_list":["post-89","page","type-page","status-publish","hentry"],"translation":{"provider":"WPGlobus","version":"3.0.0","language":"ru","enabled_languages":["lv","ru"],"languages":{"lv":{"title":true,"content":false,"excerpt":false},"ru":{"title":true,"content":false,"excerpt":false}}},"acf":[],"yoast_head":"<!-- This site is optimized with the Yoast SEO Premium plugin v25.0 (Yoast SEO v27.2) - https:\/\/yoast.com\/product\/yoast-seo-premium-wordpress\/ -->\n<title>\u0418\u043d\u0444\u043e\u0440\u043c\u0430\u0446\u0438\u044f \u043e \u0434\u043e\u0441\u0442\u0430\u0432\u043a\u0435 \u0437\u0430\u043a\u0430\u0437\u0430 - Test Selding.lv<\/title>\n<meta name=\"robots\" content=\"index, follow, max-snippet:-1, max-image-preview:large, max-video-preview:-1\" \/>\n<link rel=\"canonical\" href=\"https:\/\/test.selding.lv\/kontakti\/piegades-informacija\/\" \/>\n<meta property=\"og:locale\" content=\"ru_RU\" \/>\n<meta property=\"og:type\" content=\"article\" \/>\n<meta property=\"og:title\" content=\"\u0418\u043d\u0444\u043e\u0440\u043c\u0430\u0446\u0438\u044f \u043e \u0434\u043e\u0441\u0442\u0430\u0432\u043a\u0435 \u0437\u0430\u043a\u0430\u0437\u0430 - Test Selding.lv\" \/>\n<meta property=\"og:url\" content=\"https:\/\/test.selding.lv\/kontakti\/piegades-informacija\/\" \/>\n<meta property=\"og:site_name\" content=\"Test Selding.lv\" \/>\n<meta property=\"article:modified_time\" content=\"2024-01-03T10:17:02+00:00\" \/>\n<meta name=\"twitter:card\" content=\"summary_large_image\" \/>\n<!-- \/ Yoast SEO Premium plugin. -->","yoast_head_json":{"title":"\u0418\u043d\u0444\u043e\u0440\u043c\u0430\u0446\u0438\u044f \u043e \u0434\u043e\u0441\u0442\u0430\u0432\u043a\u0435 \u0437\u0430\u043a\u0430\u0437\u0430 - Test Selding.lv","robots":{"index":"index","follow":"follow","max-snippet":"max-snippet:-1","max-image-preview":"max-image-preview:large","max-video-preview":"max-video-preview:-1"},"canonical":"https:\/\/test.selding.lv\/kontakti\/piegades-informacija\/","og_locale":"ru_RU","og_type":"article","og_title":"\u0418\u043d\u0444\u043e\u0440\u043c\u0430\u0446\u0438\u044f \u043e \u0434\u043e\u0441\u0442\u0430\u0432\u043a\u0435 \u0437\u0430\u043a\u0430\u0437\u0430 - Test Selding.lv","og_url":"https:\/\/test.selding.lv\/kontakti\/piegades-informacija\/","og_site_name":"Test Selding.lv","article_modified_time":"2024-01-03T10:17:02+00:00","twitter_card":"summary_large_image","schema":{"@context":"https:\/\/schema.org","@graph":[{"@type":"WebPage","@id":"https:\/\/test.selding.lv\/kontakti\/piegades-informacija\/","url":"https:\/\/test.selding.lv\/kontakti\/piegades-informacija\/","name":"\u0418\u043d\u0444\u043e\u0440\u043c\u0430\u0446\u0438\u044f \u043e \u0434\u043e\u0441\u0442\u0430\u0432\u043a\u0435 \u0437\u0430\u043a\u0430\u0437\u0430 - Test Selding.lv","isPartOf":{"@id":"https:\/\/test.selding.lv\/#website"},"datePublished":"2019-05-27T11:59:47+00:00","dateModified":"2024-01-03T10:17:02+00:00","description":"Pas\u016bt\u012bjumu pieg\u0101des inform\u0101cija: Pre\u010du pas\u016bt\u012bjumi ir j\u0101veic 2 (divas) darba dienas pirms pl\u0101not\u0101 pieg\u0101des laika. \u0100tra pieg\u0101de vis\u0101 Latvij\u0101.","breadcrumb":{"@id":"https:\/\/test.selding.lv\/kontakti\/piegades-informacija\/#breadcrumb"},"inLanguage":"ru-RU","potentialAction":[{"@type":"ReadAction","target":["https:\/\/test.selding.lv\/kontakti\/piegades-informacija\/"]}]},{"@type":"BreadcrumbList","@id":"https:\/\/test.selding.lv\/kontakti\/piegades-informacija\/#breadcrumb","itemListElement":[{"@type":"ListItem","position":1,"name":"Home","item":"https:\/\/test.selding.lv\/"},{"@type":"ListItem","position":2,"name":"Kontakti","item":"https:\/\/test.selding.lv\/kontakti\/"},{"@type":"ListItem","position":3,"name":"Pas\u016bt\u012bjumu pieg\u0101des inform\u0101cija"}]},{"@type":"WebSite","@id":"https:\/\/test.selding.lv\/#website","url":"https:\/\/test.selding.lv\/","name":"Test Selding.lv","description":"","potentialAction":[{"@type":"SearchAction","target":{"@type":"EntryPoint","urlTemplate":"https:\/\/test.selding.lv\/?s={search_term_string}"},"query-input":{"@type":"PropertyValueSpecification","valueRequired":true,"valueName":"search_term_string"}}],"inLanguage":"ru-RU"}]}},"_links":{"self":[{"href":"https:\/\/test.selding.lv\/ru\/wp-json\/wp\/v2\/pages\/89","targetHints":{"allow":["GET"]}}],"collection":[{"href":"https:\/\/test.selding.lv\/ru\/wp-json\/wp\/v2\/pages"}],"about":[{"href":"https:\/\/test.selding.lv\/ru\/wp-json\/wp\/v2\/types\/page"}],"author":[{"embeddable":true,"href":"https:\/\/test.selding.lv\/ru\/wp-json\/wp\/v2\/users\/1"}],"replies":[{"embeddable":true,"href":"https:\/\/test.selding.lv\/ru\/wp-json\/wp\/v2\/comments?post=89"}],"version-history":[{"count":33,"href":"https:\/\/test.selding.lv\/ru\/wp-json\/wp\/v2\/pages\/89\/revisions"}],"predecessor-version":[{"id":403430,"href":"https:\/\/test.selding.lv\/ru\/wp-json\/wp\/v2\/pages\/89\/revisions\/403430"}],"up":[{"embeddable":true,"href":"https:\/\/test.selding.lv\/ru\/wp-json\/wp\/v2\/pages\/21"}],"wp:attachment":[{"href":"https:\/\/test.selding.lv\/ru\/wp-json\/wp\/v2\/media?parent=89"}],"curies":[{"name":"wp","href":"https:\/\/api.w.org\/{rel}","templated":true}]}}